{"id":4071,"date":"2021-03-26T12:25:16","date_gmt":"2021-03-26T12:25:16","guid":{"rendered":"https:\/\/nietmeerduimen.nl\/?post_type=product&#038;p=4071"},"modified":"2024-10-01T17:14:35","modified_gmt":"2024-10-01T17:14:35","slug":"stoppen-met-duimen-hoesje-blauwe-uiltjes","status":"publish","type":"product","link":"https:\/\/nietmeerduimen.nl\/de\/product\/stoppen-met-duimen-hoesje-blauwe-uiltjes\/","title":{"rendered":"Daumenlutsch-Stopp-H\u00fclle \u2013 Blaue Eulen"},"content":{"rendered":"<h2>Be\u00ebindig das Daumenlutschen!<\/h2>\n<p>Daumenlutschen hat anfangs keine negativen Auswirkungen, besonders nicht, wenn Ihr Kind nach ein paar Jahren damit aufh\u00f6rt. Wenn es jedoch l\u00e4nger damit fortf\u00e4hrt, k\u00f6nnen verschiedene Probleme auftreten. Mit der Zeit k\u00f6nnen unsere Stoff-Daumenschoner Ihrem Kind helfen, die Gewohnheit des Daumenlutschens zu durchbrechen. Jeder handgemachte Daumenschoner wird wie ein Handschuh \u00fcber den Daumen getragen und mit Kunststoff-Druckkn\u00f6pfen um das Handgelenk befestigt.<\/p>\n<h2>Eigenschaften:<\/h2>\n<ul>\n<li>Handgefertigt in den Niederlanden aus Baumwollstoffen aus der Europ\u00e4ischen Union.<\/li>\n<li>Speziell f\u00fcr Kinder gemacht; bedeckt nicht die ganze Hand und st\u00f6rt nicht bei t\u00e4glichen Aktivit\u00e4ten.<\/li>\n<li>Weicher Stoff mit kindgerechten, attraktiven Motiven.<\/li>\n<li>Geeignet f\u00fcr Kinder von 3 bis 12 Jahren.<\/li>\n<li>Zus\u00e4tzlicher Rabatt beim Kauf mehrerer Daumenh\u00fcllen.<\/li>\n<li>Kostenloses Bonusmaterial, wie Affirmationskarten, Tagebuch und eine exklusive Facebook-Gruppe.<\/li>\n<\/ul>","protected":false},"excerpt":{"rendered":"<p>Diese super coole Daumenh\u00fclle mit diesen fr\u00f6hlichen Eulen wird dir bestimmt helfen, mit dem Daumenlutschen aufzuh\u00f6ren!<\/p>\n<ul>\n<li>Bestimme die <a style=\"color: #ff6600;\" href=\"https:\/\/nietmeerduimen.nl\/de\/duim-opmeten\/\">richtige Gr\u00f6\u00dfe<\/a> f\u00fcr die H\u00fclle.<\/li>\n<li>Kaufe mindestens 2 oder 3 H\u00fcllen. Dies aus hygienischen Gr\u00fcnden.<\/li>\n<li>Erhalte Rabatt beim Kauf mehrerer H\u00fcllen.<\/li>\n<\/ul>","protected":false},"featured_media":4053,"template":"","meta":{"_et_pb_use_builder":"","_et_pb_old_content":"","_et_gb_content_width":""},"product_brand":[],"product_cat":[60],"product_tag":[75,76,74,73],"class_list":{"0":"post-4071","1":"product","2":"type-product","3":"status-publish","4":"has-post-thumbnail","6":"product_cat-hoesjes-duim","7":"product_tag-duimhoesje","8":"product_tag-duimsok","9":"product_tag-niet-meer-duimen","10":"product_tag-stoppen-met-duimen","12":"first","13":"instock","14":"sale","15":"taxable","16":"shipping-taxable","17":"purchasable","18":"product-type-variable"},"acf":[],"yoast_head":"<!-- This site is optimized with the Yoast SEO plugin v27.2 - https:\/\/yoast.com\/product\/yoast-seo-wordpress\/ -->\n<title>Stoppen met duimen hoesje - Blauwe uiltjes - Nietmeerduimen.nl<\/title>\n<meta name=\"description\" content=\"Dit superleuke duimhoesje met deze vrolijke uiltjes gaat je vast helpen om te stoppen met duimen!\" \/>\n<meta name=\"robots\" content=\"index, follow, max-snippet:-1, max-image-preview:large, max-video-preview:-1\" \/>\n<link rel=\"canonical\" href=\"https:\/\/nietmeerduimen.nl\/de\/product\/stoppen-met-duimen-hoesje-blauwe-uiltjes\/\" \/>\n<meta property=\"og:locale\" content=\"de_DE\" \/>\n<meta property=\"og:type\" content=\"article\" \/>\n<meta property=\"og:title\" content=\"Nu echt stoppen met duimen!\" \/>\n<meta property=\"og:description\" content=\"Met onze duimhoesjes gaat het stoppen met duimen vast lukken.\" \/>\n<meta property=\"og:url\" content=\"https:\/\/nietmeerduimen.nl\/de\/product\/stoppen-met-duimen-hoesje-blauwe-uiltjes\/\" \/>\n<meta property=\"og:site_name\" content=\"Nietmeerduimen.nl\" \/>\n<meta property=\"article:modified_time\" content=\"2024-10-01T17:14:35+00:00\" \/>\n<meta property=\"og:image\" content=\"https:\/\/nietmeerduimen.nl\/wp-content\/uploads\/2021\/03\/blauwe-uiltjes-voorkant-hand-site.jpg\" \/>\n\t<meta property=\"og:image:width\" content=\"500\" \/>\n\t<meta property=\"og:image:height\" content=\"667\" \/>\n\t<meta property=\"og:image:type\" content=\"image\/jpeg\" \/>\n<meta name=\"twitter:card\" content=\"summary_large_image\" \/>\n<meta name=\"twitter:label1\" content=\"Gesch\u00e4tzte Lesezeit\" \/>\n\t<meta name=\"twitter:data1\" content=\"1\u00a0Minute\" \/>\n<script type=\"application\/ld+json\" class=\"yoast-schema-graph\">{\"@context\":\"https:\/\/schema.org\",\"@graph\":[{\"@type\":\"WebPage\",\"@id\":\"https:\/\/nietmeerduimen.nl\/product\/stoppen-met-duimen-hoesje-blauwe-uiltjes\/\",\"url\":\"https:\/\/nietmeerduimen.nl\/product\/stoppen-met-duimen-hoesje-blauwe-uiltjes\/\",\"name\":\"Stoppen met duimen hoesje - Blauwe uiltjes - Nietmeerduimen.nl\",\"isPartOf\":{\"@id\":\"https:\/\/nietmeerduimen.nl\/#website\"},\"primaryImageOfPage\":{\"@id\":\"https:\/\/nietmeerduimen.nl\/product\/stoppen-met-duimen-hoesje-blauwe-uiltjes\/#primaryimage\"},\"image\":{\"@id\":\"https:\/\/nietmeerduimen.nl\/product\/stoppen-met-duimen-hoesje-blauwe-uiltjes\/#primaryimage\"},\"thumbnailUrl\":\"https:\/\/nietmeerduimen.nl\/wp-content\/uploads\/2021\/03\/blauwe-uiltjes-voorkant-hand-site.jpg\",\"datePublished\":\"2021-03-26T12:25:16+00:00\",\"dateModified\":\"2024-10-01T17:14:35+00:00\",\"description\":\"Dit superleuke duimhoesje met deze vrolijke uiltjes gaat je vast helpen om te stoppen met duimen!\",\"breadcrumb\":{\"@id\":\"https:\/\/nietmeerduimen.nl\/product\/stoppen-met-duimen-hoesje-blauwe-uiltjes\/#breadcrumb\"},\"inLanguage\":\"de\",\"potentialAction\":[{\"@type\":\"ReadAction\",\"target\":[\"https:\/\/nietmeerduimen.nl\/product\/stoppen-met-duimen-hoesje-blauwe-uiltjes\/\"]}]},{\"@type\":\"ImageObject\",\"inLanguage\":\"de\",\"@id\":\"https:\/\/nietmeerduimen.nl\/product\/stoppen-met-duimen-hoesje-blauwe-uiltjes\/#primaryimage\",\"url\":\"https:\/\/nietmeerduimen.nl\/wp-content\/uploads\/2021\/03\/blauwe-uiltjes-voorkant-hand-site.jpg\",\"contentUrl\":\"https:\/\/nietmeerduimen.nl\/wp-content\/uploads\/2021\/03\/blauwe-uiltjes-voorkant-hand-site.jpg\",\"width\":500,\"height\":667},{\"@type\":\"BreadcrumbList\",\"@id\":\"https:\/\/nietmeerduimen.nl\/product\/stoppen-met-duimen-hoesje-blauwe-uiltjes\/#breadcrumb\",\"itemListElement\":[{\"@type\":\"ListItem\",\"position\":1,\"name\":\"Home\",\"item\":\"https:\/\/nietmeerduimen.nl\/\"},{\"@type\":\"ListItem\",\"position\":2,\"name\":\"Shop\",\"item\":\"https:\/\/nietmeerduimen.nl\/shop\/\"},{\"@type\":\"ListItem\",\"position\":3,\"name\":\"Stoppen met duimen hoesje &#8211; Blauwe uiltjes\"}]},{\"@type\":\"WebSite\",\"@id\":\"https:\/\/nietmeerduimen.nl\/#website\",\"url\":\"https:\/\/nietmeerduimen.nl\/\",\"name\":\"Nietmeerduimen.nl\",\"description\":\"Nu echt stoppen met duimen!\",\"potentialAction\":[{\"@type\":\"SearchAction\",\"target\":{\"@type\":\"EntryPoint\",\"urlTemplate\":\"https:\/\/nietmeerduimen.nl\/?s={search_term_string}\"},\"query-input\":{\"@type\":\"PropertyValueSpecification\",\"valueRequired\":true,\"valueName\":\"search_term_string\"}}],\"inLanguage\":\"de\"}]}<\/script>\n<!-- \/ Yoast SEO plugin. -->","yoast_head_json":{"title":"Stoppen met duimen hoesje - Blauwe uiltjes - Nietmeerduimen.nl","description":"Diese super coole Daumenh\u00fclle mit diesen fr\u00f6hlichen Eulen wird dir bestimmt helfen, mit dem Daumenlutschen aufzuh\u00f6ren!","robots":{"index":"index","follow":"follow","max-snippet":"max-snippet:-1","max-image-preview":"max-image-preview:large","max-video-preview":"max-video-preview:-1"},"canonical":"https:\/\/nietmeerduimen.nl\/de\/product\/stoppen-met-duimen-hoesje-blauwe-uiltjes\/","og_locale":"de_DE","og_type":"article","og_title":"Nu echt stoppen met duimen!","og_description":"Met onze duimhoesjes gaat het stoppen met duimen vast lukken.","og_url":"https:\/\/nietmeerduimen.nl\/de\/product\/stoppen-met-duimen-hoesje-blauwe-uiltjes\/","og_site_name":"Nietmeerduimen.nl","article_modified_time":"2024-10-01T17:14:35+00:00","og_image":[{"width":500,"height":667,"url":"https:\/\/nietmeerduimen.nl\/wp-content\/uploads\/2021\/03\/blauwe-uiltjes-voorkant-hand-site.jpg","type":"image\/jpeg"}],"twitter_card":"summary_large_image","twitter_misc":{"Gesch\u00e4tzte Lesezeit":"1\u00a0Minute"},"schema":{"@context":"https:\/\/schema.org","@graph":[{"@type":"WebPage","@id":"https:\/\/nietmeerduimen.nl\/product\/stoppen-met-duimen-hoesje-blauwe-uiltjes\/","url":"https:\/\/nietmeerduimen.nl\/product\/stoppen-met-duimen-hoesje-blauwe-uiltjes\/","name":"Stoppen met duimen hoesje - Blauwe uiltjes - Nietmeerduimen.nl","isPartOf":{"@id":"https:\/\/nietmeerduimen.nl\/#website"},"primaryImageOfPage":{"@id":"https:\/\/nietmeerduimen.nl\/product\/stoppen-met-duimen-hoesje-blauwe-uiltjes\/#primaryimage"},"image":{"@id":"https:\/\/nietmeerduimen.nl\/product\/stoppen-met-duimen-hoesje-blauwe-uiltjes\/#primaryimage"},"thumbnailUrl":"https:\/\/nietmeerduimen.nl\/wp-content\/uploads\/2021\/03\/blauwe-uiltjes-voorkant-hand-site.jpg","datePublished":"2021-03-26T12:25:16+00:00","dateModified":"2024-10-01T17:14:35+00:00","description":"Diese super coole Daumenh\u00fclle mit diesen fr\u00f6hlichen Eulen wird dir bestimmt helfen, mit dem Daumenlutschen aufzuh\u00f6ren!","breadcrumb":{"@id":"https:\/\/nietmeerduimen.nl\/product\/stoppen-met-duimen-hoesje-blauwe-uiltjes\/#breadcrumb"},"inLanguage":"de","potentialAction":[{"@type":"ReadAction","target":["https:\/\/nietmeerduimen.nl\/product\/stoppen-met-duimen-hoesje-blauwe-uiltjes\/"]}]},{"@type":"ImageObject","inLanguage":"de","@id":"https:\/\/nietmeerduimen.nl\/product\/stoppen-met-duimen-hoesje-blauwe-uiltjes\/#primaryimage","url":"https:\/\/nietmeerduimen.nl\/wp-content\/uploads\/2021\/03\/blauwe-uiltjes-voorkant-hand-site.jpg","contentUrl":"https:\/\/nietmeerduimen.nl\/wp-content\/uploads\/2021\/03\/blauwe-uiltjes-voorkant-hand-site.jpg","width":500,"height":667},{"@type":"BreadcrumbList","@id":"https:\/\/nietmeerduimen.nl\/product\/stoppen-met-duimen-hoesje-blauwe-uiltjes\/#breadcrumb","itemListElement":[{"@type":"ListItem","position":1,"name":"Home","item":"https:\/\/nietmeerduimen.nl\/"},{"@type":"ListItem","position":2,"name":"Shop","item":"https:\/\/nietmeerduimen.nl\/shop\/"},{"@type":"ListItem","position":3,"name":"Stoppen met duimen hoesje &#8211; Blauwe uiltjes"}]},{"@type":"WebSite","@id":"https:\/\/nietmeerduimen.nl\/#website","url":"https:\/\/nietmeerduimen.nl\/","name":"Nichtmehrdaumenlutschen.de","description":"Nu echt stoppen met duimen!","potentialAction":[{"@type":"SearchAction","target":{"@type":"EntryPoint","urlTemplate":"https:\/\/nietmeerduimen.nl\/?s={search_term_string}"},"query-input":{"@type":"PropertyValueSpecification","valueRequired":true,"valueName":"search_term_string"}}],"inLanguage":"de"}]}},"_links":{"self":[{"href":"https:\/\/nietmeerduimen.nl\/de\/wp-json\/wp\/v2\/product\/4071","targetHints":{"allow":["GET"]}}],"collection":[{"href":"https:\/\/nietmeerduimen.nl\/de\/wp-json\/wp\/v2\/product"}],"about":[{"href":"https:\/\/nietmeerduimen.nl\/de\/wp-json\/wp\/v2\/types\/product"}],"wp:featuredmedia":[{"embeddable":true,"href":"https:\/\/nietmeerduimen.nl\/de\/wp-json\/wp\/v2\/media\/4053"}],"wp:attachment":[{"href":"https:\/\/nietmeerduimen.nl\/de\/wp-json\/wp\/v2\/media?parent=4071"}],"wp:term":[{"taxonomy":"product_brand","embeddable":true,"href":"https:\/\/nietmeerduimen.nl\/de\/wp-json\/wp\/v2\/product_brand?post=4071"},{"taxonomy":"product_cat","embeddable":true,"href":"https:\/\/nietmeerduimen.nl\/de\/wp-json\/wp\/v2\/product_cat?post=4071"},{"taxonomy":"product_tag","embeddable":true,"href":"https:\/\/nietmeerduimen.nl\/de\/wp-json\/wp\/v2\/product_tag?post=4071"}],"curies":[{"name":"wp","href":"https:\/\/api.w.org\/{rel}","templated":true}]}}