{"id":2224,"date":"2019-07-31T13:55:00","date_gmt":"2019-07-31T13:55:00","guid":{"rendered":"https:\/\/nietmeerduimen.nl\/?post_type=product&#038;p=2224"},"modified":"2024-09-26T13:02:27","modified_gmt":"2024-09-26T13:02:27","slug":"hoesje-compleet-op-maat-gemaakt","status":"publish","type":"product","link":"https:\/\/nietmeerduimen.nl\/de\/product\/hoesje-compleet-op-maat-gemaakt\/","title":{"rendered":"Ma\u00dfgeschneiderte H\u00fclle"},"content":{"rendered":"<h2>Ma\u00dfgeschneiderte H\u00fclle<\/h2>\n<p>Er zijn kinderen met een zuigbehoefte die niet standaard is. Zo nam een keer een moeder contact met me op met een dochter die op haar duim en wijsvinger tegelijkertijd zuigt. En of ik hier een hoesje voor kon maken. Dit was helemaal geen probleem! Als ik de juiste maten heb, dan kan ik voor alle &#8216;zuigvariaties&#8217; een hoesje maken.<\/p>\n<p>Nehme bitte <span style=\"color: #ff6600;\"><a style=\"color: #ff6600;\" href=\"https:\/\/nietmeerduimen.nl\/de\/contact\/\">Kontakt<\/a><\/span> mit uns auf, bevor du eine ma\u00dfgeschneiderte Bestellung aufgibst, damit wir pr\u00fcfen k\u00f6nnen, ob deine Anfrage m\u00f6glich ist. Sobald wir die Gr\u00f6\u00dfe und den Stoff vereinbart haben, kannst du entscheiden, wie viele H\u00fcllen du bestellen m\u00f6chtest.<\/p>\n<p>Wenn du eine ma\u00dfgeschneiderte Daumenh\u00fclle bestellst, k\u00f6nnen wir leider keine R\u00fccksendung oder Umtausch anbieten, da die H\u00fclle speziell f\u00fcr dich angefertigt wurde.<\/p>\n<p>Bitte rechne mit einer etwas l\u00e4ngeren Lieferzeit.<\/p>\n<p>M\u00f6chtest du sehen, wie die H\u00fcllen anderen Kindern geholfen haben? Sieh dir an, was andere Eltern berichten. <a href=\"https:\/\/nietmeerduimen.nl\/de\/ouders-aan-het-woord\/\">andere ouders vertellen<\/a>.<\/p>","protected":false},"excerpt":{"rendered":"<p>Haben Sie ein Kind mit einem au\u00dfergew\u00f6hnlichen Saugbed\u00fcrfnis? Kein Problem! Wenn ich die richtigen Ma\u00dfe habe, kann ich f\u00fcr alle \u201eSaugvariationen\u201c eine passende H\u00fclle anfertigen.<\/p>\n<ul>\n<li>Nehmen Sie <span style=\"color: #ff6600;\"><a style=\"color: #ff6600;\" href=\"https:\/\/nietmeerduimen.nl\/de\/contact\/\">Kontakt<\/a><\/span> auf, um die M\u00f6glichkeiten zu besprechen.<\/li>\n<li>Kaufe mindestens 2 oder 3 H\u00fcllen. Dies aus hygienischen Gr\u00fcnden.<\/li>\n<li>Erhalte Rabatt beim Kauf mehrerer H\u00fcllen.<\/li>\n<\/ul>","protected":false},"featured_media":2806,"template":"","meta":{"_et_pb_use_builder":"","_et_pb_old_content":"","_et_gb_content_width":""},"product_brand":[],"product_cat":[139],"product_tag":[75,76,74,73],"class_list":{"0":"post-2224","1":"product","2":"type-product","3":"status-publish","4":"has-post-thumbnail","6":"product_cat-hoesjes-op-maat","7":"product_tag-duimhoesje","8":"product_tag-duimsok","9":"product_tag-niet-meer-duimen","10":"product_tag-stoppen-met-duimen","12":"first","13":"instock","14":"taxable","15":"shipping-taxable","16":"purchasable","17":"product-type-simple"},"acf":[],"yoast_head":"<!-- This site is optimized with the Yoast SEO plugin v27.2 - https:\/\/yoast.com\/product\/yoast-seo-wordpress\/ -->\n<title>Hoesje compleet op maat gemaakt - Nietmeerduimen.nl<\/title>\n<meta name=\"description\" content=\"Dit compleet op maat gemaakte hoesje gaat je vast helpen om te stoppen met duimen!\" \/>\n<meta name=\"robots\" content=\"index, follow, max-snippet:-1, max-image-preview:large, max-video-preview:-1\" \/>\n<link rel=\"canonical\" href=\"https:\/\/nietmeerduimen.nl\/de\/product\/hoesje-compleet-op-maat-gemaakt\/\" \/>\n<meta property=\"og:locale\" content=\"de_DE\" \/>\n<meta property=\"og:type\" content=\"article\" \/>\n<meta property=\"og:title\" content=\"Nu echt stoppen met duimen!\" \/>\n<meta property=\"og:description\" content=\"Met onze duimhoesjes gaat het stoppen met duimen vast lukken.\" \/>\n<meta property=\"og:url\" content=\"https:\/\/nietmeerduimen.nl\/de\/product\/hoesje-compleet-op-maat-gemaakt\/\" \/>\n<meta property=\"og:site_name\" content=\"Nietmeerduimen.nl\" \/>\n<meta property=\"article:modified_time\" content=\"2024-09-26T13:02:27+00:00\" \/>\n<meta property=\"og:image\" content=\"https:\/\/nietmeerduimen.nl\/wp-content\/uploads\/2019\/07\/GeheelOpMaat1.jpg\" \/>\n\t<meta property=\"og:image:width\" content=\"2000\" \/>\n\t<meta property=\"og:image:height\" content=\"2136\" \/>\n\t<meta property=\"og:image:type\" content=\"image\/jpeg\" \/>\n<meta name=\"twitter:card\" content=\"summary_large_image\" \/>\n<meta name=\"twitter:label1\" content=\"Gesch\u00e4tzte Lesezeit\" \/>\n\t<meta name=\"twitter:data1\" content=\"1\u00a0Minute\" \/>\n<script type=\"application\/ld+json\" class=\"yoast-schema-graph\">{\"@context\":\"https:\/\/schema.org\",\"@graph\":[{\"@type\":\"WebPage\",\"@id\":\"https:\/\/nietmeerduimen.nl\/product\/hoesje-compleet-op-maat-gemaakt\/\",\"url\":\"https:\/\/nietmeerduimen.nl\/product\/hoesje-compleet-op-maat-gemaakt\/\",\"name\":\"Hoesje compleet op maat gemaakt - Nietmeerduimen.nl\",\"isPartOf\":{\"@id\":\"https:\/\/nietmeerduimen.nl\/#website\"},\"primaryImageOfPage\":{\"@id\":\"https:\/\/nietmeerduimen.nl\/product\/hoesje-compleet-op-maat-gemaakt\/#primaryimage\"},\"image\":{\"@id\":\"https:\/\/nietmeerduimen.nl\/product\/hoesje-compleet-op-maat-gemaakt\/#primaryimage\"},\"thumbnailUrl\":\"https:\/\/nietmeerduimen.nl\/wp-content\/uploads\/2019\/07\/GeheelOpMaat1.jpg\",\"datePublished\":\"2019-07-31T13:55:00+00:00\",\"dateModified\":\"2024-09-26T13:02:27+00:00\",\"description\":\"Dit compleet op maat gemaakte hoesje gaat je vast helpen om te stoppen met duimen!\",\"breadcrumb\":{\"@id\":\"https:\/\/nietmeerduimen.nl\/product\/hoesje-compleet-op-maat-gemaakt\/#breadcrumb\"},\"inLanguage\":\"de\",\"potentialAction\":[{\"@type\":\"ReadAction\",\"target\":[\"https:\/\/nietmeerduimen.nl\/product\/hoesje-compleet-op-maat-gemaakt\/\"]}]},{\"@type\":\"ImageObject\",\"inLanguage\":\"de\",\"@id\":\"https:\/\/nietmeerduimen.nl\/product\/hoesje-compleet-op-maat-gemaakt\/#primaryimage\",\"url\":\"https:\/\/nietmeerduimen.nl\/wp-content\/uploads\/2019\/07\/GeheelOpMaat1.jpg\",\"contentUrl\":\"https:\/\/nietmeerduimen.nl\/wp-content\/uploads\/2019\/07\/GeheelOpMaat1.jpg\",\"width\":2000,\"height\":2136},{\"@type\":\"BreadcrumbList\",\"@id\":\"https:\/\/nietmeerduimen.nl\/product\/hoesje-compleet-op-maat-gemaakt\/#breadcrumb\",\"itemListElement\":[{\"@type\":\"ListItem\",\"position\":1,\"name\":\"Home\",\"item\":\"https:\/\/nietmeerduimen.nl\/\"},{\"@type\":\"ListItem\",\"position\":2,\"name\":\"Shop\",\"item\":\"https:\/\/nietmeerduimen.nl\/shop\/\"},{\"@type\":\"ListItem\",\"position\":3,\"name\":\"Hoesje compleet op maat gemaakt\"}]},{\"@type\":\"WebSite\",\"@id\":\"https:\/\/nietmeerduimen.nl\/#website\",\"url\":\"https:\/\/nietmeerduimen.nl\/\",\"name\":\"Nietmeerduimen.nl\",\"description\":\"Nu echt stoppen met duimen!\",\"potentialAction\":[{\"@type\":\"SearchAction\",\"target\":{\"@type\":\"EntryPoint\",\"urlTemplate\":\"https:\/\/nietmeerduimen.nl\/?s={search_term_string}\"},\"query-input\":{\"@type\":\"PropertyValueSpecification\",\"valueRequired\":true,\"valueName\":\"search_term_string\"}}],\"inLanguage\":\"de\"}]}<\/script>\n<!-- \/ Yoast SEO plugin. -->","yoast_head_json":{"title":"Hoesje compleet op maat gemaakt - Nietmeerduimen.nl","description":"Dit compleet op maat gemaakte hoesje gaat je vast helpen om te stoppen met duimen!","robots":{"index":"index","follow":"follow","max-snippet":"max-snippet:-1","max-image-preview":"max-image-preview:large","max-video-preview":"max-video-preview:-1"},"canonical":"https:\/\/nietmeerduimen.nl\/de\/product\/hoesje-compleet-op-maat-gemaakt\/","og_locale":"de_DE","og_type":"article","og_title":"Nu echt stoppen met duimen!","og_description":"Met onze duimhoesjes gaat het stoppen met duimen vast lukken.","og_url":"https:\/\/nietmeerduimen.nl\/de\/product\/hoesje-compleet-op-maat-gemaakt\/","og_site_name":"Nietmeerduimen.nl","article_modified_time":"2024-09-26T13:02:27+00:00","og_image":[{"width":2000,"height":2136,"url":"https:\/\/nietmeerduimen.nl\/wp-content\/uploads\/2019\/07\/GeheelOpMaat1.jpg","type":"image\/jpeg"}],"twitter_card":"summary_large_image","twitter_misc":{"Gesch\u00e4tzte Lesezeit":"1\u00a0Minute"},"schema":{"@context":"https:\/\/schema.org","@graph":[{"@type":"WebPage","@id":"https:\/\/nietmeerduimen.nl\/product\/hoesje-compleet-op-maat-gemaakt\/","url":"https:\/\/nietmeerduimen.nl\/product\/hoesje-compleet-op-maat-gemaakt\/","name":"Hoesje compleet op maat gemaakt - Nietmeerduimen.nl","isPartOf":{"@id":"https:\/\/nietmeerduimen.nl\/#website"},"primaryImageOfPage":{"@id":"https:\/\/nietmeerduimen.nl\/product\/hoesje-compleet-op-maat-gemaakt\/#primaryimage"},"image":{"@id":"https:\/\/nietmeerduimen.nl\/product\/hoesje-compleet-op-maat-gemaakt\/#primaryimage"},"thumbnailUrl":"https:\/\/nietmeerduimen.nl\/wp-content\/uploads\/2019\/07\/GeheelOpMaat1.jpg","datePublished":"2019-07-31T13:55:00+00:00","dateModified":"2024-09-26T13:02:27+00:00","description":"Dit compleet op maat gemaakte hoesje gaat je vast helpen om te stoppen met duimen!","breadcrumb":{"@id":"https:\/\/nietmeerduimen.nl\/product\/hoesje-compleet-op-maat-gemaakt\/#breadcrumb"},"inLanguage":"de","potentialAction":[{"@type":"ReadAction","target":["https:\/\/nietmeerduimen.nl\/product\/hoesje-compleet-op-maat-gemaakt\/"]}]},{"@type":"ImageObject","inLanguage":"de","@id":"https:\/\/nietmeerduimen.nl\/product\/hoesje-compleet-op-maat-gemaakt\/#primaryimage","url":"https:\/\/nietmeerduimen.nl\/wp-content\/uploads\/2019\/07\/GeheelOpMaat1.jpg","contentUrl":"https:\/\/nietmeerduimen.nl\/wp-content\/uploads\/2019\/07\/GeheelOpMaat1.jpg","width":2000,"height":2136},{"@type":"BreadcrumbList","@id":"https:\/\/nietmeerduimen.nl\/product\/hoesje-compleet-op-maat-gemaakt\/#breadcrumb","itemListElement":[{"@type":"ListItem","position":1,"name":"Home","item":"https:\/\/nietmeerduimen.nl\/"},{"@type":"ListItem","position":2,"name":"Shop","item":"https:\/\/nietmeerduimen.nl\/shop\/"},{"@type":"ListItem","position":3,"name":"Hoesje compleet op maat gemaakt"}]},{"@type":"WebSite","@id":"https:\/\/nietmeerduimen.nl\/#website","url":"https:\/\/nietmeerduimen.nl\/","name":"Nichtmehrdaumenlutschen.de","description":"Nu echt stoppen met duimen!","potentialAction":[{"@type":"SearchAction","target":{"@type":"EntryPoint","urlTemplate":"https:\/\/nietmeerduimen.nl\/?s={search_term_string}"},"query-input":{"@type":"PropertyValueSpecification","valueRequired":true,"valueName":"search_term_string"}}],"inLanguage":"de"}]}},"_links":{"self":[{"href":"https:\/\/nietmeerduimen.nl\/de\/wp-json\/wp\/v2\/product\/2224","targetHints":{"allow":["GET"]}}],"collection":[{"href":"https:\/\/nietmeerduimen.nl\/de\/wp-json\/wp\/v2\/product"}],"about":[{"href":"https:\/\/nietmeerduimen.nl\/de\/wp-json\/wp\/v2\/types\/product"}],"wp:featuredmedia":[{"embeddable":true,"href":"https:\/\/nietmeerduimen.nl\/de\/wp-json\/wp\/v2\/media\/2806"}],"wp:attachment":[{"href":"https:\/\/nietmeerduimen.nl\/de\/wp-json\/wp\/v2\/media?parent=2224"}],"wp:term":[{"taxonomy":"product_brand","embeddable":true,"href":"https:\/\/nietmeerduimen.nl\/de\/wp-json\/wp\/v2\/product_brand?post=2224"},{"taxonomy":"product_cat","embeddable":true,"href":"https:\/\/nietmeerduimen.nl\/de\/wp-json\/wp\/v2\/product_cat?post=2224"},{"taxonomy":"product_tag","embeddable":true,"href":"https:\/\/nietmeerduimen.nl\/de\/wp-json\/wp\/v2\/product_tag?post=2224"}],"curies":[{"name":"wp","href":"https:\/\/api.w.org\/{rel}","templated":true}]}}