{"id":1970,"date":"2019-05-10T09:14:19","date_gmt":"2019-05-10T09:14:19","guid":{"rendered":"https:\/\/nietmeerduimen.nl\/?post_type=product&#038;p=1970"},"modified":"2025-04-25T10:01:52","modified_gmt":"2025-04-25T10:01:52","slug":"hoesje-om-zuigen-op-vingers-te-stoppen-raketten","status":"publish","type":"product","link":"https:\/\/nietmeerduimen.nl\/de\/product\/hoesje-om-zuigen-op-vingers-te-stoppen-raketten\/","title":{"rendered":"Fingerlutsch-Stopp-H\u00fclle \u2013 Raketen"},"content":{"rendered":"<h2>Doorbreek de vingerzuig behoefte!<\/h2>\n<p>Vingerzuigen heeft in eerste instantie geen nadelige gevolgen, zeker niet wanneer je kindje er na een paar jaar weer mee stopt. Als het er langer mee doorgaat, kunnen er verschillende problemen ontstaan. Na verloop van tijd kunnen onze stoffen vingerhoesjes je kind helpen de gewoonte om op zijn vinger(s) te zuigen te doorbreken. Elke handgemaakt vingerhoesje wordt als een handschoen over de vinger(s)gedragen en met plastic drukknopen rond de pols bevestigd.<\/p>\n<h2>Eigenschaften:<\/h2>\n<ul>\n<li>Handgefertigt in den Niederlanden aus Baumwollstoffen aus der Europ\u00e4ischen Union.<\/li>\n<li>Speziell f\u00fcr Kinder gemacht; bedeckt nicht die ganze Hand und st\u00f6rt nicht bei t\u00e4glichen Aktivit\u00e4ten.<\/li>\n<li>Weicher Stoff mit kindgerechten, attraktiven Motiven.<\/li>\n<li>Geeignet f\u00fcr Kinder von 3 bis 12 Jahren.<\/li>\n<li>Extra korting bij afname meerdere vingerhoesjes<\/li>\n<li>Kostenloses Bonusmaterial, wie Affirmationskarten, Tagebuch und eine exklusive Facebook-Gruppe.<\/li>\n<\/ul>","protected":false},"excerpt":{"rendered":"<p>Diese H\u00fclle mit Raketen wird dir bestimmt helfen, mit dem Fingerlutschen aufzuh\u00f6ren!<\/p>\n<ul>\n<li>Bestimme die <a style=\"color: #ff6600;\" href=\"https:\/\/nietmeerduimen.nl\/de\/vingers-opmeten\/\">richtige Gr\u00f6\u00dfe<\/a> f\u00fcr die H\u00fclle.<\/li>\n<li>Kaufe mindestens 2 oder 3 H\u00fcllen. Dies aus hygienischen Gr\u00fcnden.<\/li>\n<li>Erhalte Rabatt beim Kauf mehrerer H\u00fcllen.<\/li>\n<\/ul>","protected":false},"featured_media":2702,"template":"","meta":{"_et_pb_use_builder":"","_et_pb_old_content":"","_et_gb_content_width":""},"product_brand":[],"product_cat":[94],"product_tag":[75,76,74,73,135],"class_list":{"0":"post-1970","1":"product","2":"type-product","3":"status-publish","4":"has-post-thumbnail","6":"product_cat-hoesjes-vingers","7":"product_tag-duimhoesje","8":"product_tag-duimsok","9":"product_tag-niet-meer-duimen","10":"product_tag-stoppen-met-duimen","11":"product_tag-zuigen-op-vingers","13":"first","14":"instock","15":"sale","16":"taxable","17":"shipping-taxable","18":"purchasable","19":"product-type-simple"},"acf":[],"yoast_head":"<!-- This site is optimized with the Yoast SEO plugin v27.5 - https:\/\/yoast.com\/product\/yoast-seo-wordpress\/ -->\n<title>Hoesje om zuigen op vingers te stoppen \u2013 Raketten - Nietmeerduimen.nl<\/title>\n<meta name=\"description\" content=\"Dit hoesje met raketten gaat je vast helpen om te stoppen met zuigen op je vingers!\" \/>\n<meta name=\"robots\" content=\"index, follow, max-snippet:-1, max-image-preview:large, max-video-preview:-1\" \/>\n<link rel=\"canonical\" href=\"https:\/\/nietmeerduimen.nl\/de\/product\/hoesje-om-zuigen-op-vingers-te-stoppen-raketten\/\" \/>\n<meta property=\"og:locale\" content=\"de_DE\" \/>\n<meta property=\"og:type\" content=\"article\" \/>\n<meta property=\"og:title\" content=\"Hoesje om zuigen op vingers te stoppen \u2013 Raketten - Nietmeerduimen.nl\" \/>\n<meta property=\"og:description\" content=\"Dit hoesje met raketten gaat je vast helpen om te stoppen met zuigen op je vingers!\" \/>\n<meta property=\"og:url\" content=\"https:\/\/nietmeerduimen.nl\/de\/product\/hoesje-om-zuigen-op-vingers-te-stoppen-raketten\/\" \/>\n<meta property=\"og:site_name\" content=\"Nietmeerduimen.nl\" \/>\n<meta property=\"article:modified_time\" content=\"2025-04-25T10:01:52+00:00\" \/>\n<meta property=\"og:image\" content=\"https:\/\/nietmeerduimen.nl\/wp-content\/uploads\/2019\/05\/vingers-raketten.jpg\" \/>\n\t<meta property=\"og:image:width\" content=\"500\" \/>\n\t<meta property=\"og:image:height\" content=\"667\" \/>\n\t<meta property=\"og:image:type\" content=\"image\/jpeg\" \/>\n<meta name=\"twitter:card\" content=\"summary_large_image\" \/>\n<meta name=\"twitter:label1\" content=\"Gesch\u00e4tzte Lesezeit\" \/>\n\t<meta name=\"twitter:data1\" content=\"1\u00a0Minute\" \/>\n<script type=\"application\/ld+json\" class=\"yoast-schema-graph\">{\"@context\":\"https:\\\/\\\/schema.org\",\"@graph\":[{\"@type\":\"WebPage\",\"@id\":\"https:\\\/\\\/nietmeerduimen.nl\\\/product\\\/hoesje-om-zuigen-op-vingers-te-stoppen-raketten\\\/\",\"url\":\"https:\\\/\\\/nietmeerduimen.nl\\\/product\\\/hoesje-om-zuigen-op-vingers-te-stoppen-raketten\\\/\",\"name\":\"Hoesje om zuigen op vingers te stoppen \u2013 Raketten - Nietmeerduimen.nl\",\"isPartOf\":{\"@id\":\"https:\\\/\\\/nietmeerduimen.nl\\\/#website\"},\"primaryImageOfPage\":{\"@id\":\"https:\\\/\\\/nietmeerduimen.nl\\\/product\\\/hoesje-om-zuigen-op-vingers-te-stoppen-raketten\\\/#primaryimage\"},\"image\":{\"@id\":\"https:\\\/\\\/nietmeerduimen.nl\\\/product\\\/hoesje-om-zuigen-op-vingers-te-stoppen-raketten\\\/#primaryimage\"},\"thumbnailUrl\":\"https:\\\/\\\/nietmeerduimen.nl\\\/wp-content\\\/uploads\\\/2019\\\/05\\\/vingers-raketten.jpg\",\"datePublished\":\"2019-05-10T09:14:19+00:00\",\"dateModified\":\"2025-04-25T10:01:52+00:00\",\"description\":\"Dit hoesje met raketten gaat je vast helpen om te stoppen met zuigen op je vingers!\",\"breadcrumb\":{\"@id\":\"https:\\\/\\\/nietmeerduimen.nl\\\/product\\\/hoesje-om-zuigen-op-vingers-te-stoppen-raketten\\\/#breadcrumb\"},\"inLanguage\":\"de\",\"potentialAction\":[{\"@type\":\"ReadAction\",\"target\":[\"https:\\\/\\\/nietmeerduimen.nl\\\/product\\\/hoesje-om-zuigen-op-vingers-te-stoppen-raketten\\\/\"]}]},{\"@type\":\"ImageObject\",\"inLanguage\":\"de\",\"@id\":\"https:\\\/\\\/nietmeerduimen.nl\\\/product\\\/hoesje-om-zuigen-op-vingers-te-stoppen-raketten\\\/#primaryimage\",\"url\":\"https:\\\/\\\/nietmeerduimen.nl\\\/wp-content\\\/uploads\\\/2019\\\/05\\\/vingers-raketten.jpg\",\"contentUrl\":\"https:\\\/\\\/nietmeerduimen.nl\\\/wp-content\\\/uploads\\\/2019\\\/05\\\/vingers-raketten.jpg\",\"width\":500,\"height\":667},{\"@type\":\"BreadcrumbList\",\"@id\":\"https:\\\/\\\/nietmeerduimen.nl\\\/product\\\/hoesje-om-zuigen-op-vingers-te-stoppen-raketten\\\/#breadcrumb\",\"itemListElement\":[{\"@type\":\"ListItem\",\"position\":1,\"name\":\"Home\",\"item\":\"https:\\\/\\\/nietmeerduimen.nl\\\/\"},{\"@type\":\"ListItem\",\"position\":2,\"name\":\"Shop\",\"item\":\"https:\\\/\\\/nietmeerduimen.nl\\\/shop\\\/\"},{\"@type\":\"ListItem\",\"position\":3,\"name\":\"Hoesje om zuigen op vingers te stoppen \u2013 Raketten\"}]},{\"@type\":\"WebSite\",\"@id\":\"https:\\\/\\\/nietmeerduimen.nl\\\/#website\",\"url\":\"https:\\\/\\\/nietmeerduimen.nl\\\/\",\"name\":\"Nietmeerduimen.nl\",\"description\":\"Nu echt stoppen met duimen!\",\"potentialAction\":[{\"@type\":\"SearchAction\",\"target\":{\"@type\":\"EntryPoint\",\"urlTemplate\":\"https:\\\/\\\/nietmeerduimen.nl\\\/?s={search_term_string}\"},\"query-input\":{\"@type\":\"PropertyValueSpecification\",\"valueRequired\":true,\"valueName\":\"search_term_string\"}}],\"inLanguage\":\"de\"}]}<\/script>\n<!-- \/ Yoast SEO plugin. -->","yoast_head_json":{"title":"Hoesje om zuigen op vingers te stoppen \u2013 Raketten - Nietmeerduimen.nl","description":"Diese H\u00fclle mit Raketen wird dir bestimmt helfen, mit dem Fingerlutschen aufzuh\u00f6ren!","robots":{"index":"index","follow":"follow","max-snippet":"max-snippet:-1","max-image-preview":"max-image-preview:large","max-video-preview":"max-video-preview:-1"},"canonical":"https:\/\/nietmeerduimen.nl\/de\/product\/hoesje-om-zuigen-op-vingers-te-stoppen-raketten\/","og_locale":"de_DE","og_type":"article","og_title":"Hoesje om zuigen op vingers te stoppen \u2013 Raketten - Nietmeerduimen.nl","og_description":"Dit hoesje met raketten gaat je vast helpen om te stoppen met zuigen op je vingers!","og_url":"https:\/\/nietmeerduimen.nl\/de\/product\/hoesje-om-zuigen-op-vingers-te-stoppen-raketten\/","og_site_name":"Nietmeerduimen.nl","article_modified_time":"2025-04-25T10:01:52+00:00","og_image":[{"width":500,"height":667,"url":"https:\/\/nietmeerduimen.nl\/wp-content\/uploads\/2019\/05\/vingers-raketten.jpg","type":"image\/jpeg"}],"twitter_card":"summary_large_image","twitter_misc":{"Gesch\u00e4tzte Lesezeit":"1\u00a0Minute"},"schema":{"@context":"https:\/\/schema.org","@graph":[{"@type":"WebPage","@id":"https:\/\/nietmeerduimen.nl\/product\/hoesje-om-zuigen-op-vingers-te-stoppen-raketten\/","url":"https:\/\/nietmeerduimen.nl\/product\/hoesje-om-zuigen-op-vingers-te-stoppen-raketten\/","name":"Hoesje om zuigen op vingers te stoppen \u2013 Raketten - Nietmeerduimen.nl","isPartOf":{"@id":"https:\/\/nietmeerduimen.nl\/#website"},"primaryImageOfPage":{"@id":"https:\/\/nietmeerduimen.nl\/product\/hoesje-om-zuigen-op-vingers-te-stoppen-raketten\/#primaryimage"},"image":{"@id":"https:\/\/nietmeerduimen.nl\/product\/hoesje-om-zuigen-op-vingers-te-stoppen-raketten\/#primaryimage"},"thumbnailUrl":"https:\/\/nietmeerduimen.nl\/wp-content\/uploads\/2019\/05\/vingers-raketten.jpg","datePublished":"2019-05-10T09:14:19+00:00","dateModified":"2025-04-25T10:01:52+00:00","description":"Diese H\u00fclle mit Raketen wird dir bestimmt helfen, mit dem Fingerlutschen aufzuh\u00f6ren!","breadcrumb":{"@id":"https:\/\/nietmeerduimen.nl\/product\/hoesje-om-zuigen-op-vingers-te-stoppen-raketten\/#breadcrumb"},"inLanguage":"de","potentialAction":[{"@type":"ReadAction","target":["https:\/\/nietmeerduimen.nl\/product\/hoesje-om-zuigen-op-vingers-te-stoppen-raketten\/"]}]},{"@type":"ImageObject","inLanguage":"de","@id":"https:\/\/nietmeerduimen.nl\/product\/hoesje-om-zuigen-op-vingers-te-stoppen-raketten\/#primaryimage","url":"https:\/\/nietmeerduimen.nl\/wp-content\/uploads\/2019\/05\/vingers-raketten.jpg","contentUrl":"https:\/\/nietmeerduimen.nl\/wp-content\/uploads\/2019\/05\/vingers-raketten.jpg","width":500,"height":667},{"@type":"BreadcrumbList","@id":"https:\/\/nietmeerduimen.nl\/product\/hoesje-om-zuigen-op-vingers-te-stoppen-raketten\/#breadcrumb","itemListElement":[{"@type":"ListItem","position":1,"name":"Home","item":"https:\/\/nietmeerduimen.nl\/"},{"@type":"ListItem","position":2,"name":"Shop","item":"https:\/\/nietmeerduimen.nl\/shop\/"},{"@type":"ListItem","position":3,"name":"Hoesje om zuigen op vingers te stoppen \u2013 Raketten"}]},{"@type":"WebSite","@id":"https:\/\/nietmeerduimen.nl\/#website","url":"https:\/\/nietmeerduimen.nl\/","name":"Nichtmehrdaumenlutschen.de","description":"Nu echt stoppen met duimen!","potentialAction":[{"@type":"SearchAction","target":{"@type":"EntryPoint","urlTemplate":"https:\/\/nietmeerduimen.nl\/?s={search_term_string}"},"query-input":{"@type":"PropertyValueSpecification","valueRequired":true,"valueName":"search_term_string"}}],"inLanguage":"de"}]}},"_links":{"self":[{"href":"https:\/\/nietmeerduimen.nl\/de\/wp-json\/wp\/v2\/product\/1970","targetHints":{"allow":["GET"]}}],"collection":[{"href":"https:\/\/nietmeerduimen.nl\/de\/wp-json\/wp\/v2\/product"}],"about":[{"href":"https:\/\/nietmeerduimen.nl\/de\/wp-json\/wp\/v2\/types\/product"}],"wp:featuredmedia":[{"embeddable":true,"href":"https:\/\/nietmeerduimen.nl\/de\/wp-json\/wp\/v2\/media\/2702"}],"wp:attachment":[{"href":"https:\/\/nietmeerduimen.nl\/de\/wp-json\/wp\/v2\/media?parent=1970"}],"wp:term":[{"taxonomy":"product_brand","embeddable":true,"href":"https:\/\/nietmeerduimen.nl\/de\/wp-json\/wp\/v2\/product_brand?post=1970"},{"taxonomy":"product_cat","embeddable":true,"href":"https:\/\/nietmeerduimen.nl\/de\/wp-json\/wp\/v2\/product_cat?post=1970"},{"taxonomy":"product_tag","embeddable":true,"href":"https:\/\/nietmeerduimen.nl\/de\/wp-json\/wp\/v2\/product_tag?post=1970"}],"curies":[{"name":"wp","href":"https:\/\/api.w.org\/{rel}","templated":true}]}}